{"id":608,"date":"2024-02-28T19:15:47","date_gmt":"2024-02-28T16:15:47","guid":{"rendered":"https:\/\/kurumsalv1.poyrazakademi.com\/?page_id=608"},"modified":"2024-02-28T19:25:40","modified_gmt":"2024-02-28T16:25:40","slug":"vizyon-ve-misyonumuz","status":"publish","type":"page","link":"https:\/\/kurumsalv1.poyrazakademi.com\/?page_id=608","title":{"rendered":"Vizyon ve Misyonumuz"},"content":{"rendered":"\t\t<div data-elementor-type=\"wp-page\" data-elementor-id=\"608\" class=\"elementor elementor-608\">\n\t\t\t\t<div class=\"elementor-element elementor-element-758763b e-flex e-con-boxed e-con e-parent\" data-id=\"758763b\" data-element_type=\"container\" data-settings=\"{&quot;background_background&quot;:&quot;classic&quot;,&quot;content_width&quot;:&quot;boxed&quot;}\" data-core-v316-plus=\"true\">\n\t\t\t\t\t<div class=\"e-con-inner\">\n\t\t\t\t<div class=\"elementor-element elementor-element-4ee8e5c elementor-widget elementor-widget-heading\" data-id=\"4ee8e5c\" data-element_type=\"widget\" data-widget_type=\"heading.default\">\n\t\t\t\t<div class=\"elementor-widget-container\">\n\t\t\t<style>\/*! elementor - v3.19.0 - 07-02-2024 *\/\n.elementor-heading-title{padding:0;margin:0;line-height:1}.elementor-widget-heading .elementor-heading-title[class*=elementor-size-]>a{color:inherit;font-size:inherit;line-height:inherit}.elementor-widget-heading .elementor-heading-title.elementor-size-small{font-size:15px}.elementor-widget-heading .elementor-heading-title.elementor-size-medium{font-size:19px}.elementor-widget-heading .elementor-heading-title.elementor-size-large{font-size:29px}.elementor-widget-heading .elementor-heading-title.elementor-size-xl{font-size:39px}.elementor-widget-heading .elementor-heading-title.elementor-size-xxl{font-size:59px}<\/style><h2 class=\"elementor-heading-title elementor-size-default\">Vizyon ve Misyonumuz<\/h2>\t\t<\/div>\n\t\t\t\t<\/div>\n\t\t\t\t\t<\/div>\n\t\t\t\t<\/div>\n\t\t<div class=\"elementor-element elementor-element-af22a20 e-con-full e-flex e-con e-parent\" data-id=\"af22a20\" data-element_type=\"container\" data-settings=\"{&quot;content_width&quot;:&quot;full&quot;,&quot;background_background&quot;:&quot;classic&quot;}\" data-core-v316-plus=\"true\">\n\t\t<div class=\"elementor-element elementor-element-15e6fee e-con-full e-flex e-con e-child\" data-id=\"15e6fee\" data-element_type=\"container\" data-settings=\"{&quot;content_width&quot;:&quot;full&quot;,&quot;background_background&quot;:&quot;classic&quot;}\">\n\t\t\t\t<div class=\"elementor-element elementor-element-799ff68 elementor-widget elementor-widget-heading\" data-id=\"799ff68\" data-element_type=\"widget\" data-widget_type=\"heading.default\">\n\t\t\t\t<div class=\"elementor-widget-container\">\n\t\t\t<h2 class=\"elementor-heading-title elementor-size-default\">Hal\u0131c\u0131 F\u0131nd\u0131k Fabrikas\u0131 olarak;<\/h2>\t\t<\/div>\n\t\t\t\t<\/div>\n\t\t\t\t<div class=\"elementor-element elementor-element-600ede6 elementor-widget elementor-widget-text-editor\" data-id=\"600ede6\" data-element_type=\"widget\" data-widget_type=\"text-editor.default\">\n\t\t\t\t<div class=\"elementor-widget-container\">\n\t\t\t<style>\/*! elementor - v3.19.0 - 07-02-2024 *\/\n.elementor-widget-text-editor.elementor-drop-cap-view-stacked .elementor-drop-cap{background-color:#69727d;color:#fff}.elementor-widget-text-editor.elementor-drop-cap-view-framed .elementor-drop-cap{color:#69727d;border:3px solid;background-color:transparent}.elementor-widget-text-editor:not(.elementor-drop-cap-view-default) .elementor-drop-cap{margin-top:8px}.elementor-widget-text-editor:not(.elementor-drop-cap-view-default) .elementor-drop-cap-letter{width:1em;height:1em}.elementor-widget-text-editor .elementor-drop-cap{float:left;text-align:center;line-height:1;font-size:50px}.elementor-widget-text-editor .elementor-drop-cap-letter{display:inline-block}<\/style>\t\t\t\t<h5>Vizyonumuz;<\/h5><p>Uluslararas\u0131 platformda tan\u0131nan, d\u00fcnya standartlar\u0131nda, \u00e7a\u011fda\u015f yenilikleri takip eden ve yeniliklere \u00f6nc\u00fcl\u00fck eden, di\u011fer F\u0131nd\u0131k kurulu\u015flar\u0131 taraf\u0131ndan \u00f6rnek al\u0131nan F\u0131nd\u0131k Fabrikas\u0131 olmak. Yurt i\u00e7inde ve yurt d\u0131\u015f\u0131nda t\u00fcm m\u00fc\u015fterilerimize en y\u00fcksek kalitede f\u0131nd\u0131k tedarik zinciri olu\u015fturmak.<\/p><h5>Misyonumuz;<\/h5><p>Toplumun her kesiminden insana y\u00fcksek kalitede \u00fcretilen f\u0131nd\u0131k tedariki sa\u011flamak, f\u0131nd\u0131k sekt\u00f6r\u00fcnde i\u015f imkan\u0131 yaratarak \u00fclkemize hizmet etmek, personelimizin s\u00fcrekli geli\u015fmesini ve g\u00fcven i\u00e7inde mutlu \u00e7al\u0131\u015fmas\u0131n\u0131 sa\u011flamak.<\/p><h5>Kalite Hedeflerimiz;<\/h5><p>Herkese e\u015fit ve b\u00fct\u00fcnc\u00fcl yakla\u015f\u0131mla y\u00fcksek kalitede f\u0131nd\u0131k \u00fcretim hizmeti sunmak.<br \/>F\u0131nd\u0131k sekt\u00f6r\u00fcnde istihdam yaratmak.<br \/>Uluslar aras\u0131 standartlarda f\u0131nd\u0131k tedarik hizmeti vermek.<br \/>Gerek T\u00fcrkiye gerekse yurtd\u0131\u015f\u0131nda f\u0131nd\u0131k sekt\u00f6r\u00fcnde kaliteli \u00fcretim ile ad\u0131ndan s\u00f6z edilecek firma haline gelmek.<br \/>Hizmet verdi\u011fimiz t\u00fcm insanlara y\u00fcksek kalitede f\u0131nd\u0131k tedariki sa\u011flamak.<br \/>Sevgi ve sayg\u0131n\u0131n yo\u011fun oldu\u011fu ve t\u00fcm \u00e7al\u0131\u015fanlar\u0131n sundu\u011fu hizmetten tatmin oldu\u011fu bir \u00e7al\u0131\u015fma ortam\u0131 yaratmak.<\/p>\t\t\t\t\t\t<\/div>\n\t\t\t\t<\/div>\n\t\t<div class=\"elementor-element elementor-element-cd1222a e-flex e-con-boxed e-con e-child\" data-id=\"cd1222a\" data-element_type=\"container\" data-settings=\"{&quot;content_width&quot;:&quot;boxed&quot;}\">\n\t\t\t\t\t<div class=\"e-con-inner\">\n\t\t\t\t<div class=\"elementor-element elementor-element-0f9c367 elementor-widget elementor-widget-image\" data-id=\"0f9c367\" data-element_type=\"widget\" data-widget_type=\"image.default\">\n\t\t\t\t<div class=\"elementor-widget-container\">\n\t\t\t<style>\/*! elementor - v3.19.0 - 07-02-2024 *\/\n.elementor-widget-image{text-align:center}.elementor-widget-image a{display:inline-block}.elementor-widget-image a img[src$=\".svg\"]{width:48px}.elementor-widget-image img{vertical-align:middle;display:inline-block}<\/style>\t\t\t\t\t\t\t\t\t\t<img fetchpriority=\"high\" decoding=\"async\" width=\"1400\" height=\"200\" src=\"https:\/\/kurumsalv1.poyrazakademi.com\/wp-content\/uploads\/2024\/02\/findik_banner-1.jpg\" class=\"attachment-1536x1536 size-1536x1536 wp-image-610\" alt=\"\" srcset=\"https:\/\/kurumsalv1.poyrazakademi.com\/wp-content\/uploads\/2024\/02\/findik_banner-1.jpg 1400w, https:\/\/kurumsalv1.poyrazakademi.com\/wp-content\/uploads\/2024\/02\/findik_banner-1-300x43.jpg 300w, https:\/\/kurumsalv1.poyrazakademi.com\/wp-content\/uploads\/2024\/02\/findik_banner-1-1024x146.jpg 1024w, https:\/\/kurumsalv1.poyrazakademi.com\/wp-content\/uploads\/2024\/02\/findik_banner-1-768x110.jpg 768w\" sizes=\"(max-width: 1400px) 100vw, 1400px\" \/>\t\t\t\t\t\t\t\t\t\t\t\t\t<\/div>\n\t\t\t\t<\/div>\n\t\t\t\t\t<\/div>\n\t\t\t\t<\/div>\n\t\t\t\t<\/div>\n\t\t\t\t<\/div>\n\t\t<div class=\"elementor-element elementor-element-5e7678e e-flex e-con-boxed e-con e-parent\" data-id=\"5e7678e\" data-element_type=\"container\" data-settings=\"{&quot;background_background&quot;:&quot;classic&quot;,&quot;content_width&quot;:&quot;boxed&quot;}\" data-core-v316-plus=\"true\">\n\t\t\t\t\t<div class=\"e-con-inner\">\n\t\t<div class=\"elementor-element elementor-element-b33bfd0 e-flex e-con-boxed e-con e-child\" data-id=\"b33bfd0\" data-element_type=\"container\" data-settings=\"{&quot;content_width&quot;:&quot;boxed&quot;}\">\n\t\t\t\t\t<div class=\"e-con-inner\">\n\t\t\t\t<div class=\"elementor-element elementor-element-b744c08 elementor-widget elementor-widget-image\" data-id=\"b744c08\" data-element_type=\"widget\" data-widget_type=\"image.default\">\n\t\t\t\t<div class=\"elementor-widget-container\">\n\t\t\t\t\t\t\t\t\t\t\t\t\t<img decoding=\"async\" width=\"402\" height=\"550\" src=\"https:\/\/kurumsalv1.poyrazakademi.com\/wp-content\/uploads\/2024\/02\/marka_tescil-1.jpg\" class=\"attachment-large size-large wp-image-601\" alt=\"\" srcset=\"https:\/\/kurumsalv1.poyrazakademi.com\/wp-content\/uploads\/2024\/02\/marka_tescil-1.jpg 402w, https:\/\/kurumsalv1.poyrazakademi.com\/wp-content\/uploads\/2024\/02\/marka_tescil-1-219x300.jpg 219w\" sizes=\"(max-width: 402px) 100vw, 402px\" \/>\t\t\t\t\t\t\t\t\t\t\t\t\t<\/div>\n\t\t\t\t<\/div>\n\t\t\t\t\t<\/div>\n\t\t\t\t<\/div>\n\t\t<div class=\"elementor-element elementor-element-eca712c e-flex e-con-boxed e-con e-child\" data-id=\"eca712c\" data-element_type=\"container\" data-settings=\"{&quot;content_width&quot;:&quot;boxed&quot;}\">\n\t\t\t\t\t<div class=\"e-con-inner\">\n\t\t\t\t<div class=\"elementor-element elementor-element-730c79e elementor-widget elementor-widget-image\" data-id=\"730c79e\" data-element_type=\"widget\" data-widget_type=\"image.default\">\n\t\t\t\t<div class=\"elementor-widget-container\">\n\t\t\t\t\t\t\t\t\t\t\t\t\t<img decoding=\"async\" width=\"402\" height=\"550\" src=\"https:\/\/kurumsalv1.poyrazakademi.com\/wp-content\/uploads\/2024\/02\/sanayi_sicil_belgesi-1.jpg\" class=\"attachment-large size-large wp-image-602\" alt=\"\" srcset=\"https:\/\/kurumsalv1.poyrazakademi.com\/wp-content\/uploads\/2024\/02\/sanayi_sicil_belgesi-1.jpg 402w, https:\/\/kurumsalv1.poyrazakademi.com\/wp-content\/uploads\/2024\/02\/sanayi_sicil_belgesi-1-219x300.jpg 219w\" sizes=\"(max-width: 402px) 100vw, 402px\" \/>\t\t\t\t\t\t\t\t\t\t\t\t\t<\/div>\n\t\t\t\t<\/div>\n\t\t\t\t\t<\/div>\n\t\t\t\t<\/div>\n\t\t<div class=\"elementor-element elementor-element-0b9cad4 e-flex e-con-boxed e-con e-child\" data-id=\"0b9cad4\" data-element_type=\"container\" data-settings=\"{&quot;content_width&quot;:&quot;boxed&quot;}\">\n\t\t\t\t\t<div class=\"e-con-inner\">\n\t\t\t\t<div class=\"elementor-element elementor-element-f3ee637 elementor-widget elementor-widget-image\" data-id=\"f3ee637\" data-element_type=\"widget\" data-widget_type=\"image.default\">\n\t\t\t\t<div class=\"elementor-widget-container\">\n\t\t\t\t\t\t\t\t\t\t\t\t\t<img loading=\"lazy\" decoding=\"async\" width=\"402\" height=\"550\" src=\"https:\/\/kurumsalv1.poyrazakademi.com\/wp-content\/uploads\/2024\/02\/calisma_izni-1.jpg\" class=\"attachment-large size-large wp-image-603\" alt=\"\" srcset=\"https:\/\/kurumsalv1.poyrazakademi.com\/wp-content\/uploads\/2024\/02\/calisma_izni-1.jpg 402w, https:\/\/kurumsalv1.poyrazakademi.com\/wp-content\/uploads\/2024\/02\/calisma_izni-1-219x300.jpg 219w\" sizes=\"(max-width: 402px) 100vw, 402px\" \/>\t\t\t\t\t\t\t\t\t\t\t\t\t<\/div>\n\t\t\t\t<\/div>\n\t\t\t\t\t<\/div>\n\t\t\t\t<\/div>\n\t\t<div class=\"elementor-element elementor-element-183403e e-flex e-con-boxed e-con e-child\" data-id=\"183403e\" data-element_type=\"container\" data-settings=\"{&quot;content_width&quot;:&quot;boxed&quot;}\">\n\t\t\t\t\t<div class=\"e-con-inner\">\n\t\t\t\t<div class=\"elementor-element elementor-element-3531c77 elementor-widget elementor-widget-image\" data-id=\"3531c77\" data-element_type=\"widget\" data-widget_type=\"image.default\">\n\t\t\t\t<div class=\"elementor-widget-container\">\n\t\t\t\t\t\t\t\t\t\t\t\t\t<img loading=\"lazy\" decoding=\"async\" width=\"402\" height=\"550\" src=\"https:\/\/kurumsalv1.poyrazakademi.com\/wp-content\/uploads\/2024\/02\/uretim_izni-1.jpg\" class=\"attachment-large size-large wp-image-604\" alt=\"\" srcset=\"https:\/\/kurumsalv1.poyrazakademi.com\/wp-content\/uploads\/2024\/02\/uretim_izni-1.jpg 402w, https:\/\/kurumsalv1.poyrazakademi.com\/wp-content\/uploads\/2024\/02\/uretim_izni-1-219x300.jpg 219w\" sizes=\"(max-width: 402px) 100vw, 402px\" \/>\t\t\t\t\t\t\t\t\t\t\t\t\t<\/div>\n\t\t\t\t<\/div>\n\t\t\t\t\t<\/div>\n\t\t\t\t<\/div>\n\t\t\t\t\t<\/div>\n\t\t\t\t<\/div>\n\t\t\t\t<\/div>\n\t\t","protected":false},"excerpt":{"rendered":"<p>Vizyon ve Misyonumuz Hal\u0131c\u0131 F\u0131nd\u0131k Fabrikas\u0131 olarak; Vizyonumuz; Uluslararas\u0131 platformda tan\u0131nan, d\u00fcnya standartlar\u0131nda, \u00e7a\u011fda\u015f yenilikleri takip eden ve yeniliklere \u00f6nc\u00fcl\u00fck eden, di\u011fer F\u0131nd\u0131k kurulu\u015flar\u0131 taraf\u0131ndan \u00f6rnek al\u0131nan F\u0131nd\u0131k Fabrikas\u0131 olmak. Yurt i\u00e7inde ve yurt d\u0131\u015f\u0131nda t\u00fcm m\u00fc\u015fterilerimize en y\u00fcksek kalitede f\u0131nd\u0131k tedarik zinciri olu\u015fturmak. Misyonumuz; Toplumun her kesiminden insana y\u00fcksek kalitede \u00fcretilen f\u0131nd\u0131k tedariki sa\u011flamak,&#8230;<\/p>\n","protected":false},"author":1,"featured_media":0,"parent":0,"menu_order":0,"comment_status":"closed","ping_status":"closed","template":"","meta":{"_kad_post_transparent":"","_kad_post_title":"hide","_kad_post_layout":"fullwidth","_kad_post_sidebar_id":"","_kad_post_content_style":"unboxed","_kad_post_vertical_padding":"hide","_kad_post_feature":"hide","_kad_post_feature_position":"","_kad_post_header":false,"_kad_post_footer":false,"footnotes":""},"class_list":["post-608","page","type-page","status-publish","hentry"],"_links":{"self":[{"href":"https:\/\/kurumsalv1.poyrazakademi.com\/index.php?rest_route=\/wp\/v2\/pages\/608","targetHints":{"allow":["GET"]}}],"collection":[{"href":"https:\/\/kurumsalv1.poyrazakademi.com\/index.php?rest_route=\/wp\/v2\/pages"}],"about":[{"href":"https:\/\/kurumsalv1.poyrazakademi.com\/index.php?rest_route=\/wp\/v2\/types\/page"}],"author":[{"embeddable":true,"href":"https:\/\/kurumsalv1.poyrazakademi.com\/index.php?rest_route=\/wp\/v2\/users\/1"}],"replies":[{"embeddable":true,"href":"https:\/\/kurumsalv1.poyrazakademi.com\/index.php?rest_route=%2Fwp%2Fv2%2Fcomments&post=608"}],"version-history":[{"count":19,"href":"https:\/\/kurumsalv1.poyrazakademi.com\/index.php?rest_route=\/wp\/v2\/pages\/608\/revisions"}],"predecessor-version":[{"id":629,"href":"https:\/\/kurumsalv1.poyrazakademi.com\/index.php?rest_route=\/wp\/v2\/pages\/608\/revisions\/629"}],"wp:attachment":[{"href":"https:\/\/kurumsalv1.poyrazakademi.com\/index.php?rest_route=%2Fwp%2Fv2%2Fmedia&parent=608"}],"curies":[{"name":"wp","href":"https:\/\/api.w.org\/{rel}","templated":true}]}}