{"id":582,"date":"2024-02-28T18:43:53","date_gmt":"2024-02-28T15:43:53","guid":{"rendered":"https:\/\/kurumsalv1.poyrazakademi.com\/?page_id=582"},"modified":"2024-02-28T19:13:18","modified_gmt":"2024-02-28T16:13:18","slug":"hakkimizda","status":"publish","type":"page","link":"https:\/\/kurumsalv1.poyrazakademi.com\/?page_id=582","title":{"rendered":"Hakk\u0131m\u0131zda"},"content":{"rendered":"\t\t<div data-elementor-type=\"wp-page\" data-elementor-id=\"582\" class=\"elementor elementor-582\">\n\t\t\t\t<div class=\"elementor-element elementor-element-758763b e-flex e-con-boxed e-con e-parent\" data-id=\"758763b\" data-element_type=\"container\" data-settings=\"{&quot;background_background&quot;:&quot;classic&quot;,&quot;content_width&quot;:&quot;boxed&quot;}\" data-core-v316-plus=\"true\">\n\t\t\t\t\t<div class=\"e-con-inner\">\n\t\t\t\t<div class=\"elementor-element elementor-element-4ee8e5c elementor-widget elementor-widget-heading\" data-id=\"4ee8e5c\" data-element_type=\"widget\" data-widget_type=\"heading.default\">\n\t\t\t\t<div class=\"elementor-widget-container\">\n\t\t\t<style>\/*! elementor - v3.19.0 - 07-02-2024 *\/\n.elementor-heading-title{padding:0;margin:0;line-height:1}.elementor-widget-heading .elementor-heading-title[class*=elementor-size-]>a{color:inherit;font-size:inherit;line-height:inherit}.elementor-widget-heading .elementor-heading-title.elementor-size-small{font-size:15px}.elementor-widget-heading .elementor-heading-title.elementor-size-medium{font-size:19px}.elementor-widget-heading .elementor-heading-title.elementor-size-large{font-size:29px}.elementor-widget-heading .elementor-heading-title.elementor-size-xl{font-size:39px}.elementor-widget-heading .elementor-heading-title.elementor-size-xxl{font-size:59px}<\/style><h2 class=\"elementor-heading-title elementor-size-default\">Hakk\u0131m\u0131zda<\/h2>\t\t<\/div>\n\t\t\t\t<\/div>\n\t\t\t\t\t<\/div>\n\t\t\t\t<\/div>\n\t\t<div class=\"elementor-element elementor-element-af22a20 e-flex e-con-boxed e-con e-parent\" data-id=\"af22a20\" data-element_type=\"container\" data-settings=\"{&quot;content_width&quot;:&quot;boxed&quot;}\" data-core-v316-plus=\"true\">\n\t\t\t\t\t<div class=\"e-con-inner\">\n\t\t<div class=\"elementor-element elementor-element-fcceb7b e-con-full e-flex e-con e-child\" data-id=\"fcceb7b\" data-element_type=\"container\" data-settings=\"{&quot;content_width&quot;:&quot;full&quot;}\">\n\t\t\t\t<div class=\"elementor-element elementor-element-b0af1ab elementor-widget elementor-widget-image\" data-id=\"b0af1ab\" data-element_type=\"widget\" data-widget_type=\"image.default\">\n\t\t\t\t<div class=\"elementor-widget-container\">\n\t\t\t<style>\/*! elementor - v3.19.0 - 07-02-2024 *\/\n.elementor-widget-image{text-align:center}.elementor-widget-image a{display:inline-block}.elementor-widget-image a img[src$=\".svg\"]{width:48px}.elementor-widget-image img{vertical-align:middle;display:inline-block}<\/style>\t\t\t\t\t\t\t\t\t\t<img fetchpriority=\"high\" decoding=\"async\" width=\"1536\" height=\"877\" src=\"https:\/\/kurumsalv1.poyrazakademi.com\/wp-content\/uploads\/2024\/02\/slider03-1536x877.jpg\" class=\"attachment-1536x1536 size-1536x1536 wp-image-30\" alt=\"\" srcset=\"https:\/\/kurumsalv1.poyrazakademi.com\/wp-content\/uploads\/2024\/02\/slider03-1536x877.jpg 1536w, https:\/\/kurumsalv1.poyrazakademi.com\/wp-content\/uploads\/2024\/02\/slider03-300x171.jpg 300w, https:\/\/kurumsalv1.poyrazakademi.com\/wp-content\/uploads\/2024\/02\/slider03-1024x585.jpg 1024w, https:\/\/kurumsalv1.poyrazakademi.com\/wp-content\/uploads\/2024\/02\/slider03-768x439.jpg 768w, https:\/\/kurumsalv1.poyrazakademi.com\/wp-content\/uploads\/2024\/02\/slider03.jpg 1903w\" sizes=\"(max-width: 1536px) 100vw, 1536px\" \/>\t\t\t\t\t\t\t\t\t\t\t\t\t<\/div>\n\t\t\t\t<\/div>\n\t\t\t\t<\/div>\n\t\t<div class=\"elementor-element elementor-element-15e6fee e-flex e-con-boxed e-con e-child\" data-id=\"15e6fee\" data-element_type=\"container\" data-settings=\"{&quot;content_width&quot;:&quot;boxed&quot;}\">\n\t\t\t\t\t<div class=\"e-con-inner\">\n\t\t\t\t<div class=\"elementor-element elementor-element-799ff68 elementor-widget elementor-widget-heading\" data-id=\"799ff68\" data-element_type=\"widget\" data-widget_type=\"heading.default\">\n\t\t\t\t<div class=\"elementor-widget-container\">\n\t\t\t<h2 class=\"elementor-heading-title elementor-size-default\">HALICI TARIM \u00dcR\u00dcNLER\u0130 T\u0130C LTD \u015eT\u0130<\/h2>\t\t<\/div>\n\t\t\t\t<\/div>\n\t\t\t\t<div class=\"elementor-element elementor-element-4506178 elementor-widget elementor-widget-heading\" data-id=\"4506178\" data-element_type=\"widget\" data-widget_type=\"heading.default\">\n\t\t\t\t<div class=\"elementor-widget-container\">\n\t\t\t<h2 class=\"elementor-heading-title elementor-size-default\">TAR\u0130H\u00c7ES\u0130 - \u00d6ZGE\u00c7M\u0130\u015e<\/h2>\t\t<\/div>\n\t\t\t\t<\/div>\n\t\t\t\t<div class=\"elementor-element elementor-element-600ede6 elementor-widget elementor-widget-text-editor\" data-id=\"600ede6\" data-element_type=\"widget\" data-widget_type=\"text-editor.default\">\n\t\t\t\t<div class=\"elementor-widget-container\">\n\t\t\t<style>\/*! elementor - v3.19.0 - 07-02-2024 *\/\n.elementor-widget-text-editor.elementor-drop-cap-view-stacked .elementor-drop-cap{background-color:#69727d;color:#fff}.elementor-widget-text-editor.elementor-drop-cap-view-framed .elementor-drop-cap{color:#69727d;border:3px solid;background-color:transparent}.elementor-widget-text-editor:not(.elementor-drop-cap-view-default) .elementor-drop-cap{margin-top:8px}.elementor-widget-text-editor:not(.elementor-drop-cap-view-default) .elementor-drop-cap-letter{width:1em;height:1em}.elementor-widget-text-editor .elementor-drop-cap{float:left;text-align:center;line-height:1;font-size:50px}.elementor-widget-text-editor .elementor-drop-cap-letter{display:inline-block}<\/style>\t\t\t\t1992 y\u0131l\u0131nda Limited \u015firketi olarak HARUN HALICI taraf\u0131ndan kurulmu\u015f olan firmam\u0131z ilk etapta b\u00fcnyesinde 5 ki\u015fi \u00e7al\u0131\u015ft\u0131rmaya ba\u015flam\u0131\u015f, \u00c7ayba\u015f\u0131, \u0130lk\u00fcvez ve \u00dcnye olmak \u00fczere \u00fc\u00e7 \u015fubede faaliyet g\u00f6stermeye ba\u015flam\u0131\u015ft\u0131r.\n<br><br>\u015eirketimiz 1992-2001 aras\u0131, FINDIK, CEV\u0130Z, KABAK \u00c7EK\u0130RDE\u011e\u0130, TEREYA\u011e, \u00c7\u00d6KEL\u0130K, MISIR, AY\u00c7\u0130\u00c7E\u011e\u0130, FAS\u00dcLYE, MANTAR vb.\u00a0 \u00a0t\u00fcm tar\u0131m \u00fcr\u00fcnlerini \u00fcreticiden al\u0131p t\u00fcketiciye ula\u015ft\u0131rmada \u00f6nemli bir rol oynam\u0131\u015ft\u0131r. 2001-2007 aras\u0131 f\u0131nd\u0131k al\u0131m sat\u0131m\u0131na a\u011f\u0131rl\u0131k veren \u015firketimiz bu d\u00f6nemde bilan\u00e7o ve sermaye art\u0131r\u0131m\u0131na gitmi\u015f, f\u0131nd\u0131k alan\u0131nda ek depolar ve faaliyet alanlar\u0131n\u0131 artt\u0131rm\u0131\u015ft\u0131r. 2008 y\u0131l\u0131nda \u00dcnye il\u00e7esi G\u00f6b\u00fc mahallesine f\u0131nd\u0131k k\u0131r\u0131m ve i\u015fleme tesisi kurarak \u015fubesini d\u00f6rde \u00e7\u0131kararak makro ekonomik olarak b\u00fcy\u00fcmeye ba\u015flam\u0131\u015f, bulundu\u011fu il\u00e7eye ve \u00e7evre il\u00e7elere i\u015f\u00e7i istihdam\u0131 sa\u011flam\u0131\u015ft\u0131r ve yurt i\u00e7i ve yurt d\u0131\u015f\u0131 uluslar aras\u0131 pazarda yer bulmu\u015ftur.\t\t\t\t\t\t<\/div>\n\t\t\t\t<\/div>\n\t\t\t\t\t<\/div>\n\t\t\t\t<\/div>\n\t\t\t\t\t<\/div>\n\t\t\t\t<\/div>\n\t\t<div class=\"elementor-element elementor-element-5e7678e e-flex e-con-boxed e-con e-parent\" data-id=\"5e7678e\" data-element_type=\"container\" data-settings=\"{&quot;background_background&quot;:&quot;classic&quot;,&quot;content_width&quot;:&quot;boxed&quot;}\" data-core-v316-plus=\"true\">\n\t\t\t\t\t<div class=\"e-con-inner\">\n\t\t<div class=\"elementor-element elementor-element-b33bfd0 e-flex e-con-boxed e-con e-child\" data-id=\"b33bfd0\" data-element_type=\"container\" data-settings=\"{&quot;content_width&quot;:&quot;boxed&quot;}\">\n\t\t\t\t\t<div class=\"e-con-inner\">\n\t\t\t\t<div class=\"elementor-element elementor-element-b744c08 elementor-widget elementor-widget-image\" data-id=\"b744c08\" data-element_type=\"widget\" data-widget_type=\"image.default\">\n\t\t\t\t<div class=\"elementor-widget-container\">\n\t\t\t\t\t\t\t\t\t\t\t\t\t<img decoding=\"async\" width=\"402\" height=\"550\" src=\"https:\/\/kurumsalv1.poyrazakademi.com\/wp-content\/uploads\/2024\/02\/marka_tescil-1.jpg\" class=\"attachment-large size-large wp-image-601\" alt=\"\" srcset=\"https:\/\/kurumsalv1.poyrazakademi.com\/wp-content\/uploads\/2024\/02\/marka_tescil-1.jpg 402w, https:\/\/kurumsalv1.poyrazakademi.com\/wp-content\/uploads\/2024\/02\/marka_tescil-1-219x300.jpg 219w\" sizes=\"(max-width: 402px) 100vw, 402px\" \/>\t\t\t\t\t\t\t\t\t\t\t\t\t<\/div>\n\t\t\t\t<\/div>\n\t\t\t\t\t<\/div>\n\t\t\t\t<\/div>\n\t\t<div class=\"elementor-element elementor-element-eca712c e-flex e-con-boxed e-con e-child\" data-id=\"eca712c\" data-element_type=\"container\" data-settings=\"{&quot;content_width&quot;:&quot;boxed&quot;}\">\n\t\t\t\t\t<div class=\"e-con-inner\">\n\t\t\t\t<div class=\"elementor-element elementor-element-730c79e elementor-widget elementor-widget-image\" data-id=\"730c79e\" data-element_type=\"widget\" data-widget_type=\"image.default\">\n\t\t\t\t<div class=\"elementor-widget-container\">\n\t\t\t\t\t\t\t\t\t\t\t\t\t<img decoding=\"async\" width=\"402\" height=\"550\" src=\"https:\/\/kurumsalv1.poyrazakademi.com\/wp-content\/uploads\/2024\/02\/sanayi_sicil_belgesi-1.jpg\" class=\"attachment-large size-large wp-image-602\" alt=\"\" srcset=\"https:\/\/kurumsalv1.poyrazakademi.com\/wp-content\/uploads\/2024\/02\/sanayi_sicil_belgesi-1.jpg 402w, https:\/\/kurumsalv1.poyrazakademi.com\/wp-content\/uploads\/2024\/02\/sanayi_sicil_belgesi-1-219x300.jpg 219w\" sizes=\"(max-width: 402px) 100vw, 402px\" \/>\t\t\t\t\t\t\t\t\t\t\t\t\t<\/div>\n\t\t\t\t<\/div>\n\t\t\t\t\t<\/div>\n\t\t\t\t<\/div>\n\t\t<div class=\"elementor-element elementor-element-0b9cad4 e-flex e-con-boxed e-con e-child\" data-id=\"0b9cad4\" data-element_type=\"container\" data-settings=\"{&quot;content_width&quot;:&quot;boxed&quot;}\">\n\t\t\t\t\t<div class=\"e-con-inner\">\n\t\t\t\t<div class=\"elementor-element elementor-element-f3ee637 elementor-widget elementor-widget-image\" data-id=\"f3ee637\" data-element_type=\"widget\" data-widget_type=\"image.default\">\n\t\t\t\t<div class=\"elementor-widget-container\">\n\t\t\t\t\t\t\t\t\t\t\t\t\t<img loading=\"lazy\" decoding=\"async\" width=\"402\" height=\"550\" src=\"https:\/\/kurumsalv1.poyrazakademi.com\/wp-content\/uploads\/2024\/02\/calisma_izni-1.jpg\" class=\"attachment-large size-large wp-image-603\" alt=\"\" srcset=\"https:\/\/kurumsalv1.poyrazakademi.com\/wp-content\/uploads\/2024\/02\/calisma_izni-1.jpg 402w, https:\/\/kurumsalv1.poyrazakademi.com\/wp-content\/uploads\/2024\/02\/calisma_izni-1-219x300.jpg 219w\" sizes=\"(max-width: 402px) 100vw, 402px\" \/>\t\t\t\t\t\t\t\t\t\t\t\t\t<\/div>\n\t\t\t\t<\/div>\n\t\t\t\t\t<\/div>\n\t\t\t\t<\/div>\n\t\t<div class=\"elementor-element elementor-element-183403e e-flex e-con-boxed e-con e-child\" data-id=\"183403e\" data-element_type=\"container\" data-settings=\"{&quot;content_width&quot;:&quot;boxed&quot;}\">\n\t\t\t\t\t<div class=\"e-con-inner\">\n\t\t\t\t<div class=\"elementor-element elementor-element-3531c77 elementor-widget elementor-widget-image\" data-id=\"3531c77\" data-element_type=\"widget\" data-widget_type=\"image.default\">\n\t\t\t\t<div class=\"elementor-widget-container\">\n\t\t\t\t\t\t\t\t\t\t\t\t\t<img loading=\"lazy\" decoding=\"async\" width=\"402\" height=\"550\" src=\"https:\/\/kurumsalv1.poyrazakademi.com\/wp-content\/uploads\/2024\/02\/uretim_izni-1.jpg\" class=\"attachment-large size-large wp-image-604\" alt=\"\" srcset=\"https:\/\/kurumsalv1.poyrazakademi.com\/wp-content\/uploads\/2024\/02\/uretim_izni-1.jpg 402w, https:\/\/kurumsalv1.poyrazakademi.com\/wp-content\/uploads\/2024\/02\/uretim_izni-1-219x300.jpg 219w\" sizes=\"(max-width: 402px) 100vw, 402px\" \/>\t\t\t\t\t\t\t\t\t\t\t\t\t<\/div>\n\t\t\t\t<\/div>\n\t\t\t\t\t<\/div>\n\t\t\t\t<\/div>\n\t\t\t\t\t<\/div>\n\t\t\t\t<\/div>\n\t\t\t\t<\/div>\n\t\t","protected":false},"excerpt":{"rendered":"<p>Hakk\u0131m\u0131zda HALICI TARIM \u00dcR\u00dcNLER\u0130 T\u0130C LTD \u015eT\u0130 TAR\u0130H\u00c7ES\u0130 &#8211; \u00d6ZGE\u00c7M\u0130\u015e 1992 y\u0131l\u0131nda Limited \u015firketi olarak HARUN HALICI taraf\u0131ndan kurulmu\u015f olan firmam\u0131z ilk etapta b\u00fcnyesinde 5 ki\u015fi \u00e7al\u0131\u015ft\u0131rmaya ba\u015flam\u0131\u015f, \u00c7ayba\u015f\u0131, \u0130lk\u00fcvez ve \u00dcnye olmak \u00fczere \u00fc\u00e7 \u015fubede faaliyet g\u00f6stermeye ba\u015flam\u0131\u015ft\u0131r. \u015eirketimiz 1992-2001 aras\u0131, FINDIK, CEV\u0130Z, KABAK \u00c7EK\u0130RDE\u011e\u0130, TEREYA\u011e, \u00c7\u00d6KEL\u0130K, MISIR, AY\u00c7\u0130\u00c7E\u011e\u0130, FAS\u00dcLYE, MANTAR vb.\u00a0 \u00a0t\u00fcm tar\u0131m&#8230;<\/p>\n","protected":false},"author":1,"featured_media":0,"parent":0,"menu_order":0,"comment_status":"closed","ping_status":"closed","template":"","meta":{"_kad_post_transparent":"","_kad_post_title":"hide","_kad_post_layout":"fullwidth","_kad_post_sidebar_id":"","_kad_post_content_style":"unboxed","_kad_post_vertical_padding":"hide","_kad_post_feature":"hide","_kad_post_feature_position":"","_kad_post_header":false,"_kad_post_footer":false,"footnotes":""},"class_list":["post-582","page","type-page","status-publish","hentry"],"_links":{"self":[{"href":"https:\/\/kurumsalv1.poyrazakademi.com\/index.php?rest_route=\/wp\/v2\/pages\/582","targetHints":{"allow":["GET"]}}],"collection":[{"href":"https:\/\/kurumsalv1.poyrazakademi.com\/index.php?rest_route=\/wp\/v2\/pages"}],"about":[{"href":"https:\/\/kurumsalv1.poyrazakademi.com\/index.php?rest_route=\/wp\/v2\/types\/page"}],"author":[{"embeddable":true,"href":"https:\/\/kurumsalv1.poyrazakademi.com\/index.php?rest_route=\/wp\/v2\/users\/1"}],"replies":[{"embeddable":true,"href":"https:\/\/kurumsalv1.poyrazakademi.com\/index.php?rest_route=%2Fwp%2Fv2%2Fcomments&post=582"}],"version-history":[{"count":19,"href":"https:\/\/kurumsalv1.poyrazakademi.com\/index.php?rest_route=\/wp\/v2\/pages\/582\/revisions"}],"predecessor-version":[{"id":607,"href":"https:\/\/kurumsalv1.poyrazakademi.com\/index.php?rest_route=\/wp\/v2\/pages\/582\/revisions\/607"}],"wp:attachment":[{"href":"https:\/\/kurumsalv1.poyrazakademi.com\/index.php?rest_route=%2Fwp%2Fv2%2Fmedia&parent=582"}],"curies":[{"name":"wp","href":"https:\/\/api.w.org\/{rel}","templated":true}]}}